{"id":9,"date":"2018-03-24T15:30:04","date_gmt":"2018-03-24T14:30:04","guid":{"rendered":"http:\/\/cukrarnazumrik.cz\/domains\/cukrarnazumrik.cz\/?page_id=9"},"modified":"2026-02-03T17:07:04","modified_gmt":"2026-02-03T16:07:04","slug":"o-nas","status":"publish","type":"page","link":"https:\/\/cukrarnazumrik.cz\/domains\/cukrarnazumrik.cz\/","title":{"rendered":"O n\u00e1s"},"content":{"rendered":"\n<h1 class=\"wp-block-heading has-text-align-center\"><em><strong>Aktuality:<\/strong><\/em><\/h1>\n\n\n\n<hr class=\"wp-block-separator has-text-color has-vivid-red-color has-alpha-channel-opacity has-vivid-red-background-color has-background is-style-dots\"\/>\n\n\n\n<p class=\"has-text-align-center has-vivid-red-color has-text-color\"><\/p>\n\n\n\n<hr class=\"wp-block-separator has-css-opacity\"\/>\n\n\n\n<p class=\"has-text-align-center\"><em>Objedn\u00e1vejte (<strong>rezervujte si term\u00edn<\/strong>), pros\u00edme, <strong>s dostate\u010dn\u00fdm p\u0159edstihem<\/strong>, chcete-li m\u00edt jistotu, \u017ee Va\u0161\u00ed objedn\u00e1vce vyhov\u00edme &#8211; term\u00edny se rychle zapl\u0148uj\u00ed. D\u011bkujeme<\/em><\/p>\n\n\n\n<hr class=\"wp-block-separator has-css-opacity is-style-dots\"\/>\n\n\n\n<h3 class=\"wp-block-heading\">V\u00fdrobna Kostomlaty nad Labem &#8211; L\u00e1ny<\/h3>\n\n\n\n<p class=\"has-text-align-center\"><span style=\"color: #000000;\"><em>Zab\u00fdv\u00e1me se zak\u00e1zkovou cukr\u00e1\u0159skou v\u00fdrobou. Um\u00edme vyrobit jak tradi\u010dn\u00ed, tak netradi\u010dn\u00ed dezerty. U n\u00e1s se fantazii meze nekladou, r\u00e1di se p\u0159izp\u016fsob\u00edme p\u0159\u00e1n\u00edm z\u00e1kazn\u00edka. Zakl\u00e1d\u00e1me si na \u010derstvosti a vyr\u00e1b\u00edme pouze z kvalitn\u00edch surovin.<\/em><\/span><\/p>\n\n\n\n<figure class=\"wp-block-gallery has-nested-images columns-4 is-cropped wp-block-gallery-1 is-layout-flex wp-block-gallery-is-layout-flex\">\n<figure class=\"wp-block-image size-large\"><a href=\"https:\/\/cukrarnazumrik.cz\/domains\/cukrarnazumrik.cz\/wp-content\/uploads\/2021\/02\/2D3.jpg\"><img loading=\"lazy\" decoding=\"async\" width=\"597\" height=\"800\" data-id=\"1060\" src=\"https:\/\/cukrarnazumrik.cz\/domains\/cukrarnazumrik.cz\/wp-content\/uploads\/2021\/02\/2D3.jpg\" alt=\"\" class=\"wp-image-1060\" srcset=\"https:\/\/cukrarnazumrik.cz\/domains\/cukrarnazumrik.cz\/wp-content\/uploads\/2021\/02\/2D3.jpg 597w, https:\/\/cukrarnazumrik.cz\/domains\/cukrarnazumrik.cz\/wp-content\/uploads\/2021\/02\/2D3-224x300.jpg 224w\" sizes=\"auto, (max-width: 597px) 100vw, 597px\" \/><\/a><\/figure>\n\n\n\n<figure class=\"wp-block-image size-large\"><a href=\"https:\/\/cukrarnazumrik.cz\/domains\/cukrarnazumrik.cz\/wp-content\/uploads\/2021\/02\/2D8.jpg\"><img loading=\"lazy\" decoding=\"async\" width=\"600\" height=\"800\" data-id=\"1065\" src=\"https:\/\/cukrarnazumrik.cz\/domains\/cukrarnazumrik.cz\/wp-content\/uploads\/2021\/02\/2D8.jpg\" alt=\"\" class=\"wp-image-1065\" srcset=\"https:\/\/cukrarnazumrik.cz\/domains\/cukrarnazumrik.cz\/wp-content\/uploads\/2021\/02\/2D8.jpg 600w, https:\/\/cukrarnazumrik.cz\/domains\/cukrarnazumrik.cz\/wp-content\/uploads\/2021\/02\/2D8-225x300.jpg 225w\" sizes=\"auto, (max-width: 600px) 100vw, 600px\" \/><\/a><\/figure>\n\n\n\n<figure class=\"wp-block-image size-large\"><a href=\"https:\/\/cukrarnazumrik.cz\/domains\/cukrarnazumrik.cz\/wp-content\/uploads\/2021\/02\/2D10.jpg\"><img loading=\"lazy\" decoding=\"async\" width=\"600\" height=\"800\" data-id=\"1067\" src=\"https:\/\/cukrarnazumrik.cz\/domains\/cukrarnazumrik.cz\/wp-content\/uploads\/2021\/02\/2D10.jpg\" alt=\"\" class=\"wp-image-1067\" srcset=\"https:\/\/cukrarnazumrik.cz\/domains\/cukrarnazumrik.cz\/wp-content\/uploads\/2021\/02\/2D10.jpg 600w, https:\/\/cukrarnazumrik.cz\/domains\/cukrarnazumrik.cz\/wp-content\/uploads\/2021\/02\/2D10-225x300.jpg 225w\" sizes=\"auto, (max-width: 600px) 100vw, 600px\" \/><\/a><\/figure>\n\n\n\n<figure class=\"wp-block-image size-large\"><a href=\"https:\/\/cukrarnazumrik.cz\/domains\/cukrarnazumrik.cz\/wp-content\/uploads\/2021\/02\/2D27.jpg\"><img loading=\"lazy\" decoding=\"async\" width=\"600\" height=\"800\" data-id=\"1085\" src=\"https:\/\/cukrarnazumrik.cz\/domains\/cukrarnazumrik.cz\/wp-content\/uploads\/2021\/02\/2D27.jpg\" alt=\"\" class=\"wp-image-1085\" srcset=\"https:\/\/cukrarnazumrik.cz\/domains\/cukrarnazumrik.cz\/wp-content\/uploads\/2021\/02\/2D27.jpg 600w, https:\/\/cukrarnazumrik.cz\/domains\/cukrarnazumrik.cz\/wp-content\/uploads\/2021\/02\/2D27-225x300.jpg 225w\" sizes=\"auto, (max-width: 600px) 100vw, 600px\" \/><\/a><\/figure>\n<\/figure>\n\n\n\n<p><\/p>\n\n\n\n<p><\/p>\n\n\n\n<p class=\"has-text-align-center\"><span style=\"color: #000000;\"><em>R\u00e1di vyhov\u00edme i specifick\u00fdm pot\u0159eb\u00e1m. Dok\u00e1\u017eeme vytvo\u0159it dobroty vhodn\u00e9 pro bezlepkovou dietu nebo t\u0159eba s n\u00edzk\u00fdm obsahem lakt\u00f3zy.<\/em><\/span><\/p>\n\n\n\n<p class=\"has-text-align-center\"><span style=\"color: #000000;\"><em>Zaujala-li V\u00e1s na\u0161e pr\u00e1ce, r\u00e1di se pokus\u00edme naplnit Va\u0161e p\u0159edstavy. V p\u0159\u00edpad\u011b z\u00e1jmu n\u00e1s nev\u00e1hejte kontaktovat.<\/em><\/span><\/p>\n\n\n\n<figure class=\"wp-block-gallery has-nested-images columns-3 is-cropped wp-block-gallery-2 is-layout-flex wp-block-gallery-is-layout-flex\">\n<figure class=\"wp-block-image size-large\"><a href=\"https:\/\/cukrarnazumrik.cz\/domains\/cukrarnazumrik.cz\/wp-content\/uploads\/2021\/02\/K52-Dort-Pavlova.jpg\"><img loading=\"lazy\" decoding=\"async\" width=\"800\" height=\"530\" data-id=\"1577\" src=\"https:\/\/cukrarnazumrik.cz\/domains\/cukrarnazumrik.cz\/wp-content\/uploads\/2021\/02\/K52-Dort-Pavlova.jpg\" alt=\"\" class=\"wp-image-1577\" srcset=\"https:\/\/cukrarnazumrik.cz\/domains\/cukrarnazumrik.cz\/wp-content\/uploads\/2021\/02\/K52-Dort-Pavlova.jpg 800w, https:\/\/cukrarnazumrik.cz\/domains\/cukrarnazumrik.cz\/wp-content\/uploads\/2021\/02\/K52-Dort-Pavlova-300x199.jpg 300w, https:\/\/cukrarnazumrik.cz\/domains\/cukrarnazumrik.cz\/wp-content\/uploads\/2021\/02\/K52-Dort-Pavlova-768x509.jpg 768w\" sizes=\"auto, (max-width: 800px) 100vw, 800px\" \/><\/a><\/figure>\n\n\n\n<figure class=\"wp-block-image size-large\"><a href=\"https:\/\/cukrarnazumrik.cz\/domains\/cukrarnazumrik.cz\/wp-content\/uploads\/2021\/02\/Z48-Mini-mono.jpg\"><img loading=\"lazy\" decoding=\"async\" width=\"800\" height=\"600\" data-id=\"1635\" src=\"https:\/\/cukrarnazumrik.cz\/domains\/cukrarnazumrik.cz\/wp-content\/uploads\/2021\/02\/Z48-Mini-mono.jpg\" alt=\"\" class=\"wp-image-1635\" srcset=\"https:\/\/cukrarnazumrik.cz\/domains\/cukrarnazumrik.cz\/wp-content\/uploads\/2021\/02\/Z48-Mini-mono.jpg 800w, https:\/\/cukrarnazumrik.cz\/domains\/cukrarnazumrik.cz\/wp-content\/uploads\/2021\/02\/Z48-Mini-mono-300x225.jpg 300w, https:\/\/cukrarnazumrik.cz\/domains\/cukrarnazumrik.cz\/wp-content\/uploads\/2021\/02\/Z48-Mini-mono-768x576.jpg 768w\" sizes=\"auto, (max-width: 800px) 100vw, 800px\" \/><\/a><\/figure>\n\n\n\n<figure class=\"wp-block-image size-large\"><a href=\"https:\/\/cukrarnazumrik.cz\/domains\/cukrarnazumrik.cz\/wp-content\/uploads\/2021\/02\/IMG_20200626_143548.jpg\"><img loading=\"lazy\" decoding=\"async\" width=\"1024\" height=\"768\" data-id=\"732\" src=\"https:\/\/cukrarnazumrik.cz\/domains\/cukrarnazumrik.cz\/wp-content\/uploads\/2021\/02\/IMG_20200626_143548-1024x768.jpg\" alt=\"\" class=\"wp-image-732\" srcset=\"https:\/\/cukrarnazumrik.cz\/domains\/cukrarnazumrik.cz\/wp-content\/uploads\/2021\/02\/IMG_20200626_143548.jpg 1024w, https:\/\/cukrarnazumrik.cz\/domains\/cukrarnazumrik.cz\/wp-content\/uploads\/2021\/02\/IMG_20200626_143548-300x225.jpg 300w, https:\/\/cukrarnazumrik.cz\/domains\/cukrarnazumrik.cz\/wp-content\/uploads\/2021\/02\/IMG_20200626_143548-768x576.jpg 768w\" sizes=\"auto, (max-width: 1024px) 100vw, 1024px\" \/><\/a><\/figure>\n<\/figure>\n\n\n\n<p><\/p>\n\n\n\n<p><\/p>\n\n\n\n<p class=\"has-text-align-center\"><span style=\"color: #000000;\"><em>Milovn\u00edky sp\u00ed\u0161e slan\u00fdch pochutin jist\u011b pot\u011b\u0161\u00ed n\u00e1sleduj\u00edc\u00ed varianta.<\/em><\/span><\/p>\n\n\n\n<figure class=\"wp-block-gallery has-nested-images columns-2 is-cropped wp-block-gallery-3 is-layout-flex wp-block-gallery-is-layout-flex\">\n<figure class=\"wp-block-image size-large\"><a href=\"https:\/\/cukrarnazumrik.cz\/domains\/cukrarnazumrik.cz\/wp-content\/uploads\/2021\/02\/Slan\u00fd-dort-1.jpg\"><img loading=\"lazy\" decoding=\"async\" width=\"800\" height=\"600\" data-id=\"1651\" src=\"https:\/\/cukrarnazumrik.cz\/domains\/cukrarnazumrik.cz\/wp-content\/uploads\/2021\/02\/Slan\u00fd-dort-1.jpg\" alt=\"\" class=\"wp-image-1651\" srcset=\"https:\/\/cukrarnazumrik.cz\/domains\/cukrarnazumrik.cz\/wp-content\/uploads\/2021\/02\/Slan\u00fd-dort-1.jpg 800w, https:\/\/cukrarnazumrik.cz\/domains\/cukrarnazumrik.cz\/wp-content\/uploads\/2021\/02\/Slan\u00fd-dort-1-300x225.jpg 300w, https:\/\/cukrarnazumrik.cz\/domains\/cukrarnazumrik.cz\/wp-content\/uploads\/2021\/02\/Slan\u00fd-dort-1-768x576.jpg 768w\" sizes=\"auto, (max-width: 800px) 100vw, 800px\" \/><\/a><\/figure>\n\n\n\n<figure class=\"wp-block-image size-large\"><a href=\"https:\/\/cukrarnazumrik.cz\/domains\/cukrarnazumrik.cz\/wp-content\/uploads\/2021\/02\/Slan\u00fd-dort-2.jpg\"><img loading=\"lazy\" decoding=\"async\" width=\"800\" height=\"600\" data-id=\"1652\" src=\"https:\/\/cukrarnazumrik.cz\/domains\/cukrarnazumrik.cz\/wp-content\/uploads\/2021\/02\/Slan\u00fd-dort-2.jpg\" alt=\"\" class=\"wp-image-1652\" srcset=\"https:\/\/cukrarnazumrik.cz\/domains\/cukrarnazumrik.cz\/wp-content\/uploads\/2021\/02\/Slan\u00fd-dort-2.jpg 800w, https:\/\/cukrarnazumrik.cz\/domains\/cukrarnazumrik.cz\/wp-content\/uploads\/2021\/02\/Slan\u00fd-dort-2-300x225.jpg 300w, https:\/\/cukrarnazumrik.cz\/domains\/cukrarnazumrik.cz\/wp-content\/uploads\/2021\/02\/Slan\u00fd-dort-2-768x576.jpg 768w\" sizes=\"auto, (max-width: 800px) 100vw, 800px\" \/><\/a><\/figure>\n<\/figure>\n\n\n\n<hr class=\"wp-block-separator has-css-opacity is-style-dots\"\/>\n\n\n\n<h3 class=\"wp-block-heading\">Cukr\u00e1rna Zum\u0159\u00edk Pod\u011bbrady<\/h3>\n\n\n\n<p class=\"has-text-align-center\"><em>V dubnu 2022 jsme pro V\u00e1s otev\u0159eli cukr\u00e1rnu v Pod\u011bbradech, kde si m\u016f\u017eete na\u0161e z\u00e1kusky vychutnat nap\u0159\u00edklad s \u0161\u00e1lkem k\u00e1vy, \u010daje, apod.<\/em><\/p>\n\n\n\n<p class=\"has-text-align-center\"><em>Otev\u00edrac\u00ed dobu a adresu naleznete <strong><a href=\"https:\/\/cukrarnazumrik.cz\/domains\/cukrarnazumrik.cz\/kontakt\/\" data-type=\"page\" data-id=\"751\">zde<\/a><\/strong><\/em><\/p>\n\n\n\n<figure class=\"wp-block-gallery has-nested-images columns-default is-cropped wp-block-gallery-4 is-layout-flex wp-block-gallery-is-layout-flex\">\n<figure class=\"wp-block-image size-large\"><img loading=\"lazy\" decoding=\"async\" width=\"960\" height=\"718\" data-id=\"2094\" src=\"https:\/\/cukrarnazumrik.cz\/domains\/cukrarnazumrik.cz\/wp-content\/uploads\/2022\/04\/Cukrarna-Zumrik-Podebrady-2.jpg\" alt=\"\" class=\"wp-image-2094\" srcset=\"https:\/\/cukrarnazumrik.cz\/domains\/cukrarnazumrik.cz\/wp-content\/uploads\/2022\/04\/Cukrarna-Zumrik-Podebrady-2.jpg 960w, https:\/\/cukrarnazumrik.cz\/domains\/cukrarnazumrik.cz\/wp-content\/uploads\/2022\/04\/Cukrarna-Zumrik-Podebrady-2-300x224.jpg 300w, https:\/\/cukrarnazumrik.cz\/domains\/cukrarnazumrik.cz\/wp-content\/uploads\/2022\/04\/Cukrarna-Zumrik-Podebrady-2-768x574.jpg 768w\" sizes=\"auto, (max-width: 960px) 100vw, 960px\" \/><\/figure>\n\n\n\n<figure class=\"wp-block-image size-large\"><img loading=\"lazy\" decoding=\"async\" width=\"960\" height=\"718\" data-id=\"2093\" src=\"https:\/\/cukrarnazumrik.cz\/domains\/cukrarnazumrik.cz\/wp-content\/uploads\/2022\/04\/Cukrarna-Zumrik-Podebrady-1.jpg\" alt=\"\" class=\"wp-image-2093\" srcset=\"https:\/\/cukrarnazumrik.cz\/domains\/cukrarnazumrik.cz\/wp-content\/uploads\/2022\/04\/Cukrarna-Zumrik-Podebrady-1.jpg 960w, https:\/\/cukrarnazumrik.cz\/domains\/cukrarnazumrik.cz\/wp-content\/uploads\/2022\/04\/Cukrarna-Zumrik-Podebrady-1-300x224.jpg 300w, https:\/\/cukrarnazumrik.cz\/domains\/cukrarnazumrik.cz\/wp-content\/uploads\/2022\/04\/Cukrarna-Zumrik-Podebrady-1-768x574.jpg 768w\" sizes=\"auto, (max-width: 960px) 100vw, 960px\" \/><\/figure>\n<\/figure>\n\n\n\n<p class=\"has-text-align-center\"><em>P\u0159ipravujeme k\u00e1vu zna\u010dky Filicori a \u010daj zna\u010dky Dilmah. Nealkoholick\u00e9 n\u00e1poje nab\u00edz\u00edme od spole\u010dnosti Kofola. <\/em><\/p>\n\n\n\n<p class=\"has-text-align-center\"><em>Na\u0161e nab\u00eddka k\u00e1v: ristretto, espresso, espresso lungo, espresso doppio, espresso tonic, cappuccino, latte macchiato, flat white. V\u0161echny tyto varianty je mo\u017en\u00e9 p\u0159ipravit i ve verzi bez kofeinu.<\/em><\/p>\n\n\n\n<figure class=\"wp-block-gallery has-nested-images columns-4 is-cropped wp-block-gallery-5 is-layout-flex wp-block-gallery-is-layout-flex\">\n<figure class=\"wp-block-image size-large\"><img loading=\"lazy\" decoding=\"async\" width=\"1024\" height=\"766\" data-id=\"2095\" src=\"https:\/\/cukrarnazumrik.cz\/domains\/cukrarnazumrik.cz\/wp-content\/uploads\/2022\/04\/Cappucino-1024x766.jpg\" alt=\"\" class=\"wp-image-2095\" srcset=\"https:\/\/cukrarnazumrik.cz\/domains\/cukrarnazumrik.cz\/wp-content\/uploads\/2022\/04\/Cappucino-1024x766.jpg 1024w, https:\/\/cukrarnazumrik.cz\/domains\/cukrarnazumrik.cz\/wp-content\/uploads\/2022\/04\/Cappucino-300x224.jpg 300w, https:\/\/cukrarnazumrik.cz\/domains\/cukrarnazumrik.cz\/wp-content\/uploads\/2022\/04\/Cappucino-768x575.jpg 768w, https:\/\/cukrarnazumrik.cz\/domains\/cukrarnazumrik.cz\/wp-content\/uploads\/2022\/04\/Cappucino-1536x1149.jpg 1536w, https:\/\/cukrarnazumrik.cz\/domains\/cukrarnazumrik.cz\/wp-content\/uploads\/2022\/04\/Cappucino-2048x1532.jpg 2048w\" sizes=\"auto, (max-width: 1024px) 100vw, 1024px\" \/><\/figure>\n\n\n\n<figure class=\"wp-block-image size-large\"><img loading=\"lazy\" decoding=\"async\" width=\"1024\" height=\"766\" data-id=\"2098\" src=\"https:\/\/cukrarnazumrik.cz\/domains\/cukrarnazumrik.cz\/wp-content\/uploads\/2022\/04\/Latte-macchiato-1024x766.jpg\" alt=\"\" class=\"wp-image-2098\" srcset=\"https:\/\/cukrarnazumrik.cz\/domains\/cukrarnazumrik.cz\/wp-content\/uploads\/2022\/04\/Latte-macchiato-1024x766.jpg 1024w, https:\/\/cukrarnazumrik.cz\/domains\/cukrarnazumrik.cz\/wp-content\/uploads\/2022\/04\/Latte-macchiato-300x224.jpg 300w, https:\/\/cukrarnazumrik.cz\/domains\/cukrarnazumrik.cz\/wp-content\/uploads\/2022\/04\/Latte-macchiato-768x575.jpg 768w, https:\/\/cukrarnazumrik.cz\/domains\/cukrarnazumrik.cz\/wp-content\/uploads\/2022\/04\/Latte-macchiato-1536x1149.jpg 1536w, https:\/\/cukrarnazumrik.cz\/domains\/cukrarnazumrik.cz\/wp-content\/uploads\/2022\/04\/Latte-macchiato-2048x1532.jpg 2048w\" sizes=\"auto, (max-width: 1024px) 100vw, 1024px\" \/><\/figure>\n\n\n\n<figure class=\"wp-block-image size-large\"><img loading=\"lazy\" decoding=\"async\" width=\"912\" height=\"684\" data-id=\"2097\" src=\"https:\/\/cukrarnazumrik.cz\/domains\/cukrarnazumrik.cz\/wp-content\/uploads\/2022\/04\/Espresso-tonic.jpg\" alt=\"\" class=\"wp-image-2097\" srcset=\"https:\/\/cukrarnazumrik.cz\/domains\/cukrarnazumrik.cz\/wp-content\/uploads\/2022\/04\/Espresso-tonic.jpg 912w, https:\/\/cukrarnazumrik.cz\/domains\/cukrarnazumrik.cz\/wp-content\/uploads\/2022\/04\/Espresso-tonic-300x225.jpg 300w, https:\/\/cukrarnazumrik.cz\/domains\/cukrarnazumrik.cz\/wp-content\/uploads\/2022\/04\/Espresso-tonic-768x576.jpg 768w\" sizes=\"auto, (max-width: 912px) 100vw, 912px\" \/><\/figure>\n\n\n\n<figure class=\"wp-block-image size-large\"><img loading=\"lazy\" decoding=\"async\" width=\"1024\" height=\"766\" data-id=\"2096\" src=\"https:\/\/cukrarnazumrik.cz\/domains\/cukrarnazumrik.cz\/wp-content\/uploads\/2022\/04\/Caj-Dilmah-1024x766.jpg\" alt=\"\" class=\"wp-image-2096\" srcset=\"https:\/\/cukrarnazumrik.cz\/domains\/cukrarnazumrik.cz\/wp-content\/uploads\/2022\/04\/Caj-Dilmah-1024x766.jpg 1024w, https:\/\/cukrarnazumrik.cz\/domains\/cukrarnazumrik.cz\/wp-content\/uploads\/2022\/04\/Caj-Dilmah-300x224.jpg 300w, https:\/\/cukrarnazumrik.cz\/domains\/cukrarnazumrik.cz\/wp-content\/uploads\/2022\/04\/Caj-Dilmah-768x575.jpg 768w, https:\/\/cukrarnazumrik.cz\/domains\/cukrarnazumrik.cz\/wp-content\/uploads\/2022\/04\/Caj-Dilmah-1536x1149.jpg 1536w, https:\/\/cukrarnazumrik.cz\/domains\/cukrarnazumrik.cz\/wp-content\/uploads\/2022\/04\/Caj-Dilmah-2048x1532.jpg 2048w\" sizes=\"auto, (max-width: 1024px) 100vw, 1024px\" \/><\/figure>\n<\/figure>\n\n\n\n<p class=\"has-text-align-center\"><em>V cukr\u00e1rn\u011b jsme nezapomn\u011bli ani na mal\u00fd &#8222;koutek&#8220; pro Va\u0161e ratolesti, kde si mohou kreslit.<\/em><\/p>\n\n\n\n<figure class=\"wp-block-gallery has-nested-images columns-default is-cropped wp-block-gallery-6 is-layout-flex wp-block-gallery-is-layout-flex\">\n<figure class=\"wp-block-image size-large\"><img loading=\"lazy\" decoding=\"async\" width=\"1024\" height=\"766\" data-id=\"2106\" src=\"https:\/\/cukrarnazumrik.cz\/domains\/cukrarnazumrik.cz\/wp-content\/uploads\/2022\/04\/Detsky-koutek-2-1024x766.jpg\" alt=\"\" class=\"wp-image-2106\" srcset=\"https:\/\/cukrarnazumrik.cz\/domains\/cukrarnazumrik.cz\/wp-content\/uploads\/2022\/04\/Detsky-koutek-2-1024x766.jpg 1024w, https:\/\/cukrarnazumrik.cz\/domains\/cukrarnazumrik.cz\/wp-content\/uploads\/2022\/04\/Detsky-koutek-2-300x224.jpg 300w, https:\/\/cukrarnazumrik.cz\/domains\/cukrarnazumrik.cz\/wp-content\/uploads\/2022\/04\/Detsky-koutek-2-768x575.jpg 768w, https:\/\/cukrarnazumrik.cz\/domains\/cukrarnazumrik.cz\/wp-content\/uploads\/2022\/04\/Detsky-koutek-2-1536x1149.jpg 1536w, https:\/\/cukrarnazumrik.cz\/domains\/cukrarnazumrik.cz\/wp-content\/uploads\/2022\/04\/Detsky-koutek-2-2048x1532.jpg 2048w\" sizes=\"auto, (max-width: 1024px) 100vw, 1024px\" \/><\/figure>\n\n\n\n<figure class=\"wp-block-image size-large\"><img loading=\"lazy\" decoding=\"async\" width=\"794\" height=\"524\" data-id=\"2109\" src=\"https:\/\/cukrarnazumrik.cz\/domains\/cukrarnazumrik.cz\/wp-content\/uploads\/2022\/04\/Detsky-koutek-3.jpg\" alt=\"\" class=\"wp-image-2109\" srcset=\"https:\/\/cukrarnazumrik.cz\/domains\/cukrarnazumrik.cz\/wp-content\/uploads\/2022\/04\/Detsky-koutek-3.jpg 794w, https:\/\/cukrarnazumrik.cz\/domains\/cukrarnazumrik.cz\/wp-content\/uploads\/2022\/04\/Detsky-koutek-3-300x198.jpg 300w, https:\/\/cukrarnazumrik.cz\/domains\/cukrarnazumrik.cz\/wp-content\/uploads\/2022\/04\/Detsky-koutek-3-768x507.jpg 768w\" sizes=\"auto, (max-width: 794px) 100vw, 794px\" \/><\/figure>\n<\/figure>\n","protected":false},"excerpt":{"rendered":"<p>Aktuality: Objedn\u00e1vejte (rezervujte si term\u00edn), pros\u00edme, s dostate\u010dn\u00fdm p\u0159edstihem, chcete-li m\u00edt jistotu, \u017ee Va\u0161\u00ed objedn\u00e1vce vyhov\u00edme &#8211; term\u00edny se rychle zapl\u0148uj\u00ed. D\u011bkujeme V\u00fdrobna Kostomlaty nad Labem &#8211; L\u00e1ny Zab\u00fdv\u00e1me se zak\u00e1zkovou cukr\u00e1\u0159skou v\u00fdrobou. Um\u00edme vyrobit jak tradi\u010dn\u00ed, tak netradi\u010dn\u00ed dezerty&#8230;. <\/p>\n<div class=\"readmore-section\"><a class=\"readmore-btn\" href=\"https:\/\/cukrarnazumrik.cz\/domains\/cukrarnazumrik.cz\/\">Continue reading <i class=\"fa fa-arrow-right\"><\/i><\/a><\/div>\n","protected":false},"author":1,"featured_media":0,"parent":0,"menu_order":0,"comment_status":"closed","ping_status":"closed","template":"","meta":{"footnotes":""},"class_list":["post-9","page","type-page","status-publish","hentry"],"_links":{"self":[{"href":"https:\/\/cukrarnazumrik.cz\/domains\/cukrarnazumrik.cz\/wp-json\/wp\/v2\/pages\/9","targetHints":{"allow":["GET"]}}],"collection":[{"href":"https:\/\/cukrarnazumrik.cz\/domains\/cukrarnazumrik.cz\/wp-json\/wp\/v2\/pages"}],"about":[{"href":"https:\/\/cukrarnazumrik.cz\/domains\/cukrarnazumrik.cz\/wp-json\/wp\/v2\/types\/page"}],"author":[{"embeddable":true,"href":"https:\/\/cukrarnazumrik.cz\/domains\/cukrarnazumrik.cz\/wp-json\/wp\/v2\/users\/1"}],"replies":[{"embeddable":true,"href":"https:\/\/cukrarnazumrik.cz\/domains\/cukrarnazumrik.cz\/wp-json\/wp\/v2\/comments?post=9"}],"version-history":[{"count":107,"href":"https:\/\/cukrarnazumrik.cz\/domains\/cukrarnazumrik.cz\/wp-json\/wp\/v2\/pages\/9\/revisions"}],"predecessor-version":[{"id":2292,"href":"https:\/\/cukrarnazumrik.cz\/domains\/cukrarnazumrik.cz\/wp-json\/wp\/v2\/pages\/9\/revisions\/2292"}],"wp:attachment":[{"href":"https:\/\/cukrarnazumrik.cz\/domains\/cukrarnazumrik.cz\/wp-json\/wp\/v2\/media?parent=9"}],"curies":[{"name":"wp","href":"https:\/\/api.w.org\/{rel}","templated":true}]}}